{"id":2242,"date":"2021-08-20T15:20:47","date_gmt":"2021-08-20T18:20:47","guid":{"rendered":"https:\/\/allto.digital\/frontec\/informacoes-tecnicas\/"},"modified":"2021-10-05T17:00:13","modified_gmt":"2021-10-05T20:00:13","slug":"informacoes-tecnicas","status":"publish","type":"page","link":"https:\/\/frontec.com.br\/es\/informacoes-tecnicas\/","title":{"rendered":"Informa\u00e7\u00f5es T\u00e9cnicas"},"content":{"rendered":"","protected":false},"excerpt":{"rendered":"<p> [&#8230;]<\/p>\n<p><a class=\"btn btn-secondary understrap-read-more-link\" href=\"https:\/\/frontec.com.br\/es\/informacoes-tecnicas\/\">Leer m\u00e1s&#8230;<\/a><\/p>\n","protected":false},"author":1,"featured_media":0,"parent":0,"menu_order":0,"comment_status":"closed","ping_status":"closed","template":"page-templates\/informacoes.php","meta":{"footnotes":""},"class_list":["post-2242","page","type-page","status-publish","hentry"],"_links":{"self":[{"href":"https:\/\/frontec.com.br\/es\/wp-json\/wp\/v2\/pages\/2242","targetHints":{"allow":["GET"]}}],"collection":[{"href":"https:\/\/frontec.com.br\/es\/wp-json\/wp\/v2\/pages"}],"about":[{"href":"https:\/\/frontec.com.br\/es\/wp-json\/wp\/v2\/types\/page"}],"author":[{"embeddable":true,"href":"https:\/\/frontec.com.br\/es\/wp-json\/wp\/v2\/users\/1"}],"replies":[{"embeddable":true,"href":"https:\/\/frontec.com.br\/es\/wp-json\/wp\/v2\/comments?post=2242"}],"version-history":[{"count":2,"href":"https:\/\/frontec.com.br\/es\/wp-json\/wp\/v2\/pages\/2242\/revisions"}],"predecessor-version":[{"id":2246,"href":"https:\/\/frontec.com.br\/es\/wp-json\/wp\/v2\/pages\/2242\/revisions\/2246"}],"wp:attachment":[{"href":"https:\/\/frontec.com.br\/es\/wp-json\/wp\/v2\/media?parent=2242"}],"curies":[{"name":"wp","href":"https:\/\/api.w.org\/{rel}","templated":true}]}}